{"id":303,"date":"2021-01-11T11:33:28","date_gmt":"2021-01-11T10:33:28","guid":{"rendered":"http:\/\/sweld.local\/aparati\/"},"modified":"2024-03-15T07:19:06","modified_gmt":"2024-03-15T06:19:06","slug":"aparati","status":"publish","type":"page","link":"https:\/\/www.sweld.si\/sl\/aparati\/","title":{"rendered":"Aparati"},"content":{"rendered":"<p>[et_pb_section fb_built=&#8221;1&#8243; fullwidth=&#8221;on&#8221; _builder_version=&#8221;4.7.3&#8243; _module_preset=&#8221;default&#8221; custom_padding=&#8221;0px||||false|false&#8221; bottom_divider_color=&#8221;#ffffff&#8221; bottom_divider_height=&#8221;69px&#8221; bottom_divider_repeat=&#8221;0x&#8221; bottom_divider_height_tablet=&#8221;&#8221; bottom_divider_height_phone=&#8221;&#8221; bottom_divider_height_last_edited=&#8221;on|desktop&#8221;][et_pb_fullwidth_header title=&#8221;Varilni aparati&#8221; module_class=&#8221;ds-fw-header&#8221; _builder_version=&#8221;4.7.7&#8243; _module_preset=&#8221;default&#8221; title_level=&#8221;h2&#8243; title_font=&#8221;|600|||||||&#8221; title_text_align=&#8221;left&#8221; title_font_size=&#8221;3.5em&#8221; background_image=&#8221;https:\/\/www.sweld.si\/wp-content\/uploads\/2020\/11\/automatic-welding-machine-1212&#215;674-1.jpg&#8221; parallax=&#8221;on&#8221; parallax_method=&#8221;on&#8221; module_alignment=&#8221;center&#8221; height=&#8221;340px&#8221; custom_padding=&#8221;||||false|false&#8221; custom_css_title=&#8221;margin: auto auto 0;&#8221; title_text_shadow_style=&#8221;preset1&#8243; title_text_shadow_horizontal_length=&#8221;0.1em&#8221; title_text_shadow_color=&#8221;rgba(0,0,0,0.83)&#8221;][\/et_pb_fullwidth_header][\/et_pb_section][et_pb_section fb_built=&#8221;1&#8243; admin_label=&#8221;Family Main&#8221; _builder_version=&#8221;4.7.7&#8243; _module_preset=&#8221;default&#8221; background_image=&#8221;https:\/\/www.sweld.si\/wp-content\/uploads\/2020\/12\/bg-machines-family-2-scaled.jpg&#8221; custom_padding=&#8221;0px||0px|||&#8221;][et_pb_row column_structure=&#8221;1_3,2_3&#8243; make_equal=&#8221;on&#8221; _builder_version=&#8221;4.7.7&#8243; _module_preset=&#8221;default&#8221;][et_pb_column type=&#8221;1_3&#8243; _builder_version=&#8221;4.7.3&#8243; _module_preset=&#8221;default&#8221;][et_pb_image src=&#8221;https:\/\/www.sweld.si\/wp-content\/uploads\/2021\/01\/arc-250-480&#215;480.png&#8221; alt=&#8221;ARC 250&#8243; title_text=&#8221;ARC 250&#8243; admin_label=&#8221;Image&#8221; _builder_version=&#8221;4.8.0&#8243; _module_preset=&#8221;default&#8221; max_width=&#8221;100%&#8221;][\/et_pb_image][\/et_pb_column][et_pb_column type=&#8221;2_3&#8243; _builder_version=&#8221;4.7.3&#8243; _module_preset=&#8221;default&#8221;][et_pb_text _builder_version=&#8221;4.7.3&#8243; _module_preset=&#8221;default&#8221; header_2_font=&#8221;||||||||&#8221; header_2_text_color=&#8221;rgba(0,0,0,0.65)&#8221; header_2_font_size=&#8221;4em&#8221; custom_margin=&#8221;|||0px||&#8221; animation_style=&#8221;slide&#8221; animation_direction=&#8221;right&#8221;]<\/p>\n<h2>ARC<\/h2>\n<p>&nbsp;<\/p>\n<p>ARC varjenje je postopek pri katerem ima kovinska palica v dr\u017ealu elektrode funkcijo elektrode. Oblok gori med elektrodo in varjencem. Razlika od drugih postopkov je ta, da je pri ARC varjenju elektroda zaradi odgorevanja vedno kraj\u0161a.<\/p>\n<p>[\/et_pb_text][\/et_pb_column][\/et_pb_row][\/et_pb_section][et_pb_section fb_built=&#8221;1&#8243; admin_label=&#8221;Family Machines&#8221; _builder_version=&#8221;4.7.7&#8243; _module_preset=&#8221;default&#8221; custom_padding=&#8221;0px|||||&#8221;][et_pb_row column_structure=&#8221;1_4,1_4,1_4,1_4&#8243; use_custom_gutter=&#8221;on&#8221; gutter_width=&#8221;4&#8243; _builder_version=&#8221;4.7.7&#8243; _module_preset=&#8221;default&#8221; custom_padding=&#8221;||||false|false&#8221;][et_pb_column type=&#8221;1_4&#8243; _builder_version=&#8221;4.7.3&#8243; _module_preset=&#8221;default&#8221;][\/et_pb_column][et_pb_column type=&#8221;1_4&#8243; _builder_version=&#8221;4.7.3&#8243; _module_preset=&#8221;default&#8221;][et_pb_blurb title=&#8221;ARC 200D&#8221; image=&#8221;https:\/\/www.sweld.si\/wp-content\/uploads\/2021\/01\/arc-200d-480&#215;480.png&#8221; alt=&#8221;ARC 200 D&#8221; _builder_version=&#8221;4.9.1&#8243; _module_preset=&#8221;default&#8221; header_level=&#8221;h3&#8243; header_text_align=&#8221;center&#8221; link_option_url=&#8221;https:\/\/www.sweld.si\/si\/aparati\/arc\/arc-200d\/&#8221;][\/et_pb_blurb][\/et_pb_column][et_pb_column type=&#8221;1_4&#8243; _builder_version=&#8221;4.7.3&#8243; _module_preset=&#8221;default&#8221;][et_pb_blurb title=&#8221;ARC 250&#8243; image=&#8221;https:\/\/www.sweld.si\/wp-content\/uploads\/2021\/01\/arc-250-480&#215;480.png&#8221; alt=&#8221;ARC 250&#8243; _builder_version=&#8221;4.9.1&#8243; _module_preset=&#8221;default&#8221; header_level=&#8221;h3&#8243; header_text_align=&#8221;center&#8221; custom_padding=&#8221;||0px|||&#8221; link_option_url=&#8221;https:\/\/www.sweld.si\/si\/aparati\/arc\/arc-250\/&#8221;][\/et_pb_blurb][\/et_pb_column][et_pb_column type=&#8221;1_4&#8243; _builder_version=&#8221;4.7.3&#8243; _module_preset=&#8221;default&#8221;][\/et_pb_column][\/et_pb_row][\/et_pb_section][et_pb_section fb_built=&#8221;1&#8243; admin_label=&#8221;Family Main&#8221; _builder_version=&#8221;4.7.7&#8243; _module_preset=&#8221;default&#8221; background_image=&#8221;https:\/\/www.sweld.si\/wp-content\/uploads\/2020\/12\/bg-machines-family-2-scaled.jpg&#8221; custom_padding=&#8221;0px||0px|||&#8221;][et_pb_row column_structure=&#8221;1_3,2_3&#8243; make_equal=&#8221;on&#8221; _builder_version=&#8221;4.7.7&#8243; _module_preset=&#8221;default&#8221;][et_pb_column type=&#8221;1_3&#8243; _builder_version=&#8221;4.7.3&#8243; _module_preset=&#8221;default&#8221;][et_pb_image src=&#8221;https:\/\/www.sweld.si\/wp-content\/uploads\/2021\/01\/tig-200p-dc-480&#215;480.png&#8221; alt=&#8221;TIG 200P DC&#8221; title_text=&#8221;TIG 200P DC&#8221; admin_label=&#8221;Image&#8221; _builder_version=&#8221;4.8.0&#8243; _module_preset=&#8221;default&#8221; max_width=&#8221;100%&#8221;][\/et_pb_image][\/et_pb_column][et_pb_column type=&#8221;2_3&#8243; _builder_version=&#8221;4.7.3&#8243; _module_preset=&#8221;default&#8221;][et_pb_text _builder_version=&#8221;4.7.3&#8243; _module_preset=&#8221;default&#8221; header_2_font=&#8221;||||||||&#8221; header_2_text_color=&#8221;rgba(0,0,0,0.65)&#8221; header_2_font_size=&#8221;4em&#8221; custom_margin=&#8221;|||0px||&#8221; animation_style=&#8221;slide&#8221; animation_direction=&#8221;right&#8221;]<\/p>\n<h2>TIG<\/h2>\n<p>&nbsp;<\/p>\n<p>Pri TIG varjenju (Tugsten Inert Gas), se elektri\u010dni oblok ustvari med netaljivo volframovo elektrodo in varjencem. Kot za\u0161\u010ditni plin se uporablja inertni plin, ki ne reagira z zvarom. Najpogosteje uporabljeni za\u0161\u010ditni plin pri TIG varjenju je argon.<\/p>\n<p>[\/et_pb_text][\/et_pb_column][\/et_pb_row][\/et_pb_section][et_pb_section fb_built=&#8221;1&#8243; admin_label=&#8221;Family Machines&#8221; _builder_version=&#8221;4.7.7&#8243; _module_preset=&#8221;default&#8221; custom_padding=&#8221;0px|||||&#8221;][et_pb_row column_structure=&#8221;1_4,1_4,1_4,1_4&#8243; use_custom_gutter=&#8221;on&#8221; gutter_width=&#8221;4&#8243; _builder_version=&#8221;4.7.7&#8243; _module_preset=&#8221;default&#8221; custom_padding=&#8221;||||false|false&#8221;][et_pb_column type=&#8221;1_4&#8243; _builder_version=&#8221;4.7.3&#8243; _module_preset=&#8221;default&#8221;][\/et_pb_column][et_pb_column type=&#8221;1_4&#8243; _builder_version=&#8221;4.7.3&#8243; _module_preset=&#8221;default&#8221;][et_pb_blurb title=&#8221;TIG 200P DC&#8221; image=&#8221;https:\/\/www.sweld.si\/wp-content\/uploads\/2021\/01\/tig-200p-dc.png&#8221; alt=&#8221;TIG 200P DC&#8221; _builder_version=&#8221;4.9.1&#8243; _module_preset=&#8221;default&#8221; header_level=&#8221;h3&#8243; header_text_align=&#8221;center&#8221; link_option_url=&#8221;https:\/\/www.sweld.si\/si\/aparati\/tig\/tig-200p-dc\/&#8221;][\/et_pb_blurb][\/et_pb_column][et_pb_column type=&#8221;1_4&#8243; _builder_version=&#8221;4.7.3&#8243; _module_preset=&#8221;default&#8221;][et_pb_blurb title=&#8221;TIG 200P AC\/DC&#8221; image=&#8221;https:\/\/www.sweld.si\/wp-content\/uploads\/2021\/01\/tig-200p-ac-dc-480&#215;480.png&#8221; alt=&#8221;TIG 200P AC\/DC&#8221; _builder_version=&#8221;4.9.1&#8243; _module_preset=&#8221;default&#8221; header_level=&#8221;h3&#8243; header_text_align=&#8221;center&#8221; custom_padding=&#8221;||0px|||&#8221; link_option_url=&#8221;https:\/\/www.sweld.si\/si\/aparati\/tig\/tig-200p-ac-dc\/&#8221;][\/et_pb_blurb][\/et_pb_column][et_pb_column type=&#8221;1_4&#8243; _builder_version=&#8221;4.7.3&#8243; _module_preset=&#8221;default&#8221;][et_pb_blurb title=&#8221;TIG 315 AC\/DC&#8221; image=&#8221;https:\/\/www.sweld.si\/wp-content\/uploads\/2021\/01\/tig-315-ac-dc-480&#215;480.png&#8221; alt=&#8221;TUG 315 AC\/DC&#8221; _builder_version=&#8221;4.9.1&#8243; _module_preset=&#8221;default&#8221; header_level=&#8221;h3&#8243; header_text_align=&#8221;center&#8221; custom_padding=&#8221;||0px|||&#8221; link_option_url=&#8221;https:\/\/www.sweld.si\/si\/aparati\/tig\/tig-315-ac-dc\/&#8221; locked=&#8221;off&#8221;][\/et_pb_blurb][\/et_pb_column][\/et_pb_row][\/et_pb_section][et_pb_section fb_built=&#8221;1&#8243; admin_label=&#8221;Family Main&#8221; _builder_version=&#8221;4.7.7&#8243; _module_preset=&#8221;default&#8221; background_image=&#8221;https:\/\/www.sweld.si\/wp-content\/uploads\/2020\/12\/bg-machines-family-2-scaled.jpg&#8221; custom_padding=&#8221;0px||0px|||&#8221;][et_pb_row column_structure=&#8221;1_3,2_3&#8243; make_equal=&#8221;on&#8221; _builder_version=&#8221;4.7.7&#8243; _module_preset=&#8221;default&#8221;][et_pb_column type=&#8221;1_3&#8243; _builder_version=&#8221;4.7.3&#8243; _module_preset=&#8221;default&#8221;][et_pb_image src=&#8221;https:\/\/www.sweld.si\/wp-content\/uploads\/2021\/01\/mig-250-480&#215;480.png&#8221; alt=&#8221;MIG 250&#8243; title_text=&#8221;MIG 250&#8243; admin_label=&#8221;Image&#8221; _builder_version=&#8221;4.8.0&#8243; _module_preset=&#8221;default&#8221; max_width=&#8221;100%&#8221;][\/et_pb_image][\/et_pb_column][et_pb_column type=&#8221;2_3&#8243; _builder_version=&#8221;4.7.3&#8243; _module_preset=&#8221;default&#8221;][et_pb_text _builder_version=&#8221;4.7.7&#8243; _module_preset=&#8221;default&#8221; header_2_font=&#8221;||||||||&#8221; header_2_text_color=&#8221;rgba(0,0,0,0.65)&#8221; header_2_font_size=&#8221;4em&#8221; custom_margin=&#8221;|||0px||&#8221; animation_style=&#8221;slide&#8221; animation_direction=&#8221;right&#8221;]<\/p>\n<h2>MIG MAG<\/h2>\n<p>&nbsp;<\/p>\n<p>Pri MIG\/MAG varjenju gre za ustvarjanje elektri\u010dnega obloka s pomo\u010djo varilnega izvora. Oblok nastane med varilno \u017eico in varjencem. Oblok spoji varjenec in dodajani material in tako nastane zvarni spoj ali zvar.<\/p>\n<p>[\/et_pb_text][\/et_pb_column][\/et_pb_row][\/et_pb_section][et_pb_section fb_built=&#8221;1&#8243; admin_label=&#8221;Family Machines&#8221; _builder_version=&#8221;4.7.7&#8243; _module_preset=&#8221;default&#8221; custom_padding=&#8221;0px|||||&#8221;][et_pb_row column_structure=&#8221;1_4,1_4,1_4,1_4&#8243; use_custom_gutter=&#8221;on&#8221; gutter_width=&#8221;4&#8243; _builder_version=&#8221;4.7.7&#8243; _module_preset=&#8221;default&#8221; custom_padding=&#8221;||||false|false&#8221;][et_pb_column type=&#8221;1_4&#8243; _builder_version=&#8221;4.7.3&#8243; _module_preset=&#8221;default&#8221;][\/et_pb_column][et_pb_column type=&#8221;1_4&#8243; _builder_version=&#8221;4.7.3&#8243; _module_preset=&#8221;default&#8221;][et_pb_blurb title=&#8221;MIG 200&#8243; image=&#8221;https:\/\/www.sweld.si\/wp-content\/uploads\/2021\/01\/mig-200.png&#8221; alt=&#8221;MIG 200&#8243; _builder_version=&#8221;4.9.1&#8243; _module_preset=&#8221;default&#8221; header_level=&#8221;h3&#8243; header_text_align=&#8221;center&#8221; link_option_url=&#8221;https:\/\/www.sweld.si\/si\/aparati\/mig-mag\/mig-200\/&#8221;][\/et_pb_blurb][\/et_pb_column][et_pb_column type=&#8221;1_4&#8243; _builder_version=&#8221;4.7.3&#8243; _module_preset=&#8221;default&#8221;][et_pb_blurb title=&#8221;MIG 250&#8243; image=&#8221;https:\/\/www.sweld.si\/wp-content\/uploads\/2021\/01\/mig-250-480&#215;480.png&#8221; alt=&#8221;MIG 250&#8243; _builder_version=&#8221;4.9.1&#8243; _module_preset=&#8221;default&#8221; header_level=&#8221;h3&#8243; header_text_align=&#8221;center&#8221; link_option_url=&#8221;https:\/\/www.sweld.si\/si\/aparati\/mig-mag\/mig-250\/&#8221;][\/et_pb_blurb][\/et_pb_column][et_pb_column type=&#8221;1_4&#8243; _builder_version=&#8221;4.7.3&#8243; _module_preset=&#8221;default&#8221;][et_pb_blurb title=&#8221;MIG 315&#8243; image=&#8221;https:\/\/www.sweld.si\/wp-content\/uploads\/2021\/01\/mig-315-480&#215;480.png&#8221; alt=&#8221;MIG 315&#8243; _builder_version=&#8221;4.9.1&#8243; _module_preset=&#8221;default&#8221; header_level=&#8221;h3&#8243; header_text_align=&#8221;center&#8221; custom_padding=&#8221;||0px|||&#8221; link_option_url=&#8221;https:\/\/www.sweld.si\/si\/aparati\/mig-mag\/mig-315\/&#8221;][\/et_pb_blurb][\/et_pb_column][\/et_pb_row][\/et_pb_section]<\/p>\n","protected":false},"excerpt":{"rendered":"<p>ARC &nbsp; ARC varjenje je postopek pri katerem ima kovinska palica v dr\u017ealu elektrode funkcijo elektrode. Oblok gori med elektrodo in varjencem. Razlika od drugih postopkov je ta, da je pri ARC varjenju elektroda zaradi odgorevanja vedno kraj\u0161a.TIG &nbsp; Pri TIG varjenju (Tugsten Inert Gas), se elektri\u010dni oblok ustvari med netaljivo volframovo elektrodo in varjencem. [&hellip;]<\/p>\n","protected":false},"author":1,"featured_media":0,"parent":0,"menu_order":1,"comment_status":"closed","ping_status":"closed","template":"","meta":{"_et_pb_use_builder":"on","_et_pb_old_content":"","_et_gb_content_width":""},"_links":{"self":[{"href":"https:\/\/www.sweld.si\/sl\/wp-json\/wp\/v2\/pages\/303"}],"collection":[{"href":"https:\/\/www.sweld.si\/sl\/wp-json\/wp\/v2\/pages"}],"about":[{"href":"https:\/\/www.sweld.si\/sl\/wp-json\/wp\/v2\/types\/page"}],"author":[{"embeddable":true,"href":"https:\/\/www.sweld.si\/sl\/wp-json\/wp\/v2\/users\/1"}],"replies":[{"embeddable":true,"href":"https:\/\/www.sweld.si\/sl\/wp-json\/wp\/v2\/comments?post=303"}],"version-history":[{"count":20,"href":"https:\/\/www.sweld.si\/sl\/wp-json\/wp\/v2\/pages\/303\/revisions"}],"predecessor-version":[{"id":710,"href":"https:\/\/www.sweld.si\/sl\/wp-json\/wp\/v2\/pages\/303\/revisions\/710"}],"wp:attachment":[{"href":"https:\/\/www.sweld.si\/sl\/wp-json\/wp\/v2\/media?parent=303"}],"curies":[{"name":"wp","href":"https:\/\/api.w.org\/{rel}","templated":true}]}}