{"id":656,"date":"2021-03-10T13:22:51","date_gmt":"2021-03-10T12:22:51","guid":{"rendered":"https:\/\/www.sweld.si\/aparati\/tig\/"},"modified":"2024-03-15T07:19:06","modified_gmt":"2024-03-15T06:19:06","slug":"tig","status":"publish","type":"page","link":"https:\/\/www.sweld.si\/sl\/aparati\/tig\/","title":{"rendered":"TIG"},"content":{"rendered":"<p>[et_pb_section fb_built=&#8221;1&#8243; admin_label=&#8221;Family Main&#8221; _builder_version=&#8221;4.7.7&#8243; _module_preset=&#8221;default&#8221; background_image=&#8221;https:\/\/www.sweld.si\/wp-content\/uploads\/2020\/12\/bg-machines-family-2-scaled.jpg&#8221; custom_padding=&#8221;0px||0px|||&#8221;][et_pb_row column_structure=&#8221;1_3,2_3&#8243; make_equal=&#8221;on&#8221; _builder_version=&#8221;4.7.7&#8243; _module_preset=&#8221;default&#8221;][et_pb_column type=&#8221;1_3&#8243; _builder_version=&#8221;4.7.3&#8243; _module_preset=&#8221;default&#8221;][et_pb_image src=&#8221;https:\/\/www.sweld.si\/wp-content\/uploads\/2021\/01\/tig-200p-dc-480&#215;480.png&#8221; alt=&#8221;TIG 200P DC&#8221; title_text=&#8221;TIG 200P DC&#8221; admin_label=&#8221;Image&#8221; _builder_version=&#8221;4.8.0&#8243; _module_preset=&#8221;default&#8221; max_width=&#8221;100%&#8221;][\/et_pb_image][\/et_pb_column][et_pb_column type=&#8221;2_3&#8243; _builder_version=&#8221;4.7.3&#8243; _module_preset=&#8221;default&#8221;][et_pb_text _builder_version=&#8221;4.7.3&#8243; _module_preset=&#8221;default&#8221; header_2_font=&#8221;||||||||&#8221; header_2_text_color=&#8221;rgba(0,0,0,0.65)&#8221; header_2_font_size=&#8221;4em&#8221; custom_margin=&#8221;|||0px||&#8221; animation_style=&#8221;slide&#8221; animation_direction=&#8221;right&#8221;]<\/p>\n<h2>TIG<\/h2>\n<p>\n            <span style=\"font-size: 16px;\"><br \/>Pri TIG varjenju (Tugsten Inert Gas), se elektri\u010dni oblok ustvari med netaljivo volframovo elektrodo in varjencem. Kot za\u0161\u010ditni plin se uporablja inertni plin, ki ne reagira z zvarom. Najpogosteje uporabljeni za\u0161\u010ditni plin pri TIG varjenju je argon. Kot za\u0161\u010ditni plin se uporablja inertni plin, ki ne reagira z zvarom. Pri TIG varjenju je najpogosteje uporabljen za\u0161\u010ditni plin argon.<\/span>\n          <\/p>\n<p>[\/et_pb_text][\/et_pb_column][\/et_pb_row][\/et_pb_section][et_pb_section fb_built=&#8221;1&#8243; admin_label=&#8221;Family Machines&#8221; _builder_version=&#8221;4.7.7&#8243; _module_preset=&#8221;default&#8221; custom_padding=&#8221;||||false|false&#8221;][et_pb_row column_structure=&#8221;1_4,1_4,1_4,1_4&#8243; use_custom_gutter=&#8221;on&#8221; gutter_width=&#8221;4&#8243; _builder_version=&#8221;4.7.7&#8243; _module_preset=&#8221;default&#8221; custom_padding=&#8221;||||false|false&#8221;][et_pb_column type=&#8221;1_4&#8243; _builder_version=&#8221;4.7.3&#8243; _module_preset=&#8221;default&#8221;][\/et_pb_column][et_pb_column type=&#8221;1_4&#8243; _builder_version=&#8221;4.7.3&#8243; _module_preset=&#8221;default&#8221;][et_pb_blurb title=&#8221;TIG 200P DC&#8221; image=&#8221;https:\/\/www.sweld.si\/wp-content\/uploads\/2021\/01\/tig-200p-dc-480&#215;480.png&#8221; alt=&#8221;TIG 200P DC&#8221; _builder_version=&#8221;4.9.1&#8243; _module_preset=&#8221;default&#8221; header_level=&#8221;h3&#8243; header_text_align=&#8221;center&#8221; link_option_url=&#8221;https:\/\/www.sweld.si\/sl\/aparati\/tig\/tig-200p-dc\/&#8221; hover_enabled=&#8221;0&#8243; sticky_enabled=&#8221;0&#8243;][\/et_pb_blurb][\/et_pb_column][et_pb_column type=&#8221;1_4&#8243; _builder_version=&#8221;4.7.3&#8243; _module_preset=&#8221;default&#8221;][et_pb_blurb title=&#8221;TIG 200P AC\/DC&#8221; image=&#8221;https:\/\/www.sweld.si\/wp-content\/uploads\/2021\/01\/tig-200p-ac-dc-480&#215;480.png&#8221; alt=&#8221;TIG 200P AC\/DC&#8221; _builder_version=&#8221;4.9.1&#8243; _module_preset=&#8221;default&#8221; header_level=&#8221;h3&#8243; header_text_align=&#8221;center&#8221; custom_padding=&#8221;||0px|||&#8221; link_option_url=&#8221;https:\/\/www.sweld.si\/sl\/aparati\/tig\/tig-200p-ac-dc\/&#8221; hover_enabled=&#8221;0&#8243; sticky_enabled=&#8221;0&#8243;][\/et_pb_blurb][\/et_pb_column][et_pb_column type=&#8221;1_4&#8243; _builder_version=&#8221;4.7.3&#8243; _module_preset=&#8221;default&#8221;][et_pb_blurb title=&#8221;TIG 315 AC\/DC&#8221; image=&#8221;https:\/\/www.sweld.si\/wp-content\/uploads\/2021\/01\/tig-315-ac-dc-480&#215;480.png&#8221; alt=&#8221;TUG 315 AC\/DC&#8221; _builder_version=&#8221;4.9.1&#8243; _module_preset=&#8221;default&#8221; header_level=&#8221;h3&#8243; header_text_align=&#8221;center&#8221; custom_padding=&#8221;||0px|||&#8221; link_option_url=&#8221;https:\/\/www.sweld.si\/sl\/aparati\/tig\/tig-315-ac-dc\/&#8221; hover_enabled=&#8221;0&#8243; sticky_enabled=&#8221;0&#8243;][\/et_pb_blurb][\/et_pb_column][\/et_pb_row][\/et_pb_section][et_pb_section fb_built=&#8221;1&#8243; _builder_version=&#8221;4.7.7&#8243; _module_preset=&#8221;default&#8221; background_color=&#8221;#ffffff&#8221; use_background_color_gradient=&#8221;on&#8221; background_color_gradient_start=&#8221;rgba(216,216,216,0.28)&#8221; background_color_gradient_end=&#8221;rgba(196,196,196,0.62)&#8221; top_divider_height=&#8221;0px&#8221; top_divider_arrangement=&#8221;above_content&#8221;][et_pb_row _builder_version=&#8221;4.7.7&#8243; _module_preset=&#8221;default&#8221; width=&#8221;100%&#8221; custom_padding=&#8221;|0px||0px|false|true&#8221;][et_pb_column type=&#8221;4_4&#8243; _builder_version=&#8221;4.7.3&#8243; _module_preset=&#8221;default&#8221;][et_pb_text ul_item_indent=&#8221;26px&#8221; admin_label=&#8221;Features&#8221; _builder_version=&#8221;4.7.7&#8243; _module_preset=&#8221;default&#8221; text_font_size=&#8221;22px&#8221; text_line_height=&#8221;2em&#8221; ul_font=&#8221;|600|||||||&#8221; ul_font_size=&#8221;22px&#8221; ul_line_height=&#8221;1.7em&#8221; header_2_text_color=&#8221;#e95012&#8243; header_2_font_size=&#8221;42px&#8221; min_height=&#8221;102px&#8221; custom_margin=&#8221;||||false|false&#8221; custom_padding=&#8221;1em|4em|1em|4em|false|true&#8221;]<\/p>\n<h2><\/h2>\n<h2>TIG &#8211; glavne lastnosti<\/h2>\n<p>\n            <strong>INVERTER DC TIG\/MMA VARILNI APARAT<\/strong>\n          <\/p>\n<ul>\n<li>Najnovej\u0161a oblika prednje plasti\u010dne maske, ekskluziven in privla\u010den videz ter bolj\u0161a za\u0161\u010dita.<\/li>\n<li>Prozoren za\u0161\u010ditni pokrov \u0161\u010diti stroj pred prahom, vlago, korozijo, omogo\u010da zanesljivej\u0161e delovanje stroja v slabem delovnem okolju.<\/li>\n<li>Zasnova za\u0161\u010ditnega vezja zagotavlja varno delovanje.<\/li>\n<li>Velik obratovalni cikel, majhnost, majhna te\u017ea.<\/li>\n<\/ul>\n<p>[\/et_pb_text][\/et_pb_column][\/et_pb_row][\/et_pb_section]<\/p>\n","protected":false},"excerpt":{"rendered":"<p>TIG Pri TIG varjenju (Tugsten Inert Gas), se elektri\u010dni oblok ustvari med netaljivo volframovo elektrodo in varjencem. Kot za\u0161\u010ditni plin se uporablja inertni plin, ki ne reagira z zvarom. Najpogosteje uporabljeni za\u0161\u010ditni plin pri TIG varjenju je argon. Kot za\u0161\u010ditni plin se uporablja inertni plin, ki ne reagira z zvarom. Pri TIG varjenju je najpogosteje [&hellip;]<\/p>\n","protected":false},"author":1,"featured_media":0,"parent":303,"menu_order":1,"comment_status":"closed","ping_status":"open","template":"","meta":{"_et_pb_use_builder":"on","_et_pb_old_content":"","_et_gb_content_width":""},"_links":{"self":[{"href":"https:\/\/www.sweld.si\/sl\/wp-json\/wp\/v2\/pages\/656"}],"collection":[{"href":"https:\/\/www.sweld.si\/sl\/wp-json\/wp\/v2\/pages"}],"about":[{"href":"https:\/\/www.sweld.si\/sl\/wp-json\/wp\/v2\/types\/page"}],"author":[{"embeddable":true,"href":"https:\/\/www.sweld.si\/sl\/wp-json\/wp\/v2\/users\/1"}],"replies":[{"embeddable":true,"href":"https:\/\/www.sweld.si\/sl\/wp-json\/wp\/v2\/comments?post=656"}],"version-history":[{"count":11,"href":"https:\/\/www.sweld.si\/sl\/wp-json\/wp\/v2\/pages\/656\/revisions"}],"predecessor-version":[{"id":712,"href":"https:\/\/www.sweld.si\/sl\/wp-json\/wp\/v2\/pages\/656\/revisions\/712"}],"up":[{"embeddable":true,"href":"https:\/\/www.sweld.si\/sl\/wp-json\/wp\/v2\/pages\/303"}],"wp:attachment":[{"href":"https:\/\/www.sweld.si\/sl\/wp-json\/wp\/v2\/media?parent=656"}],"curies":[{"name":"wp","href":"https:\/\/api.w.org\/{rel}","templated":true}]}}