{"id":771,"date":"2021-03-11T10:55:57","date_gmt":"2021-03-11T09:55:57","guid":{"rendered":"https:\/\/www.sweld.si\/aparati\/tig\/tig-315-ac-dc\/"},"modified":"2024-03-15T07:19:07","modified_gmt":"2024-03-15T06:19:07","slug":"tig-315-ac-dc","status":"publish","type":"page","link":"https:\/\/www.sweld.si\/sl\/aparati\/tig\/tig-315-ac-dc\/","title":{"rendered":"TIG 315 AC\/DC"},"content":{"rendered":"<p>[et_pb_section fb_built=&#8221;1&#8243; _builder_version=&#8221;4.7.7&#8243; _module_preset=&#8221;default&#8221; custom_padding=&#8221;0px||0px|||&#8221;][et_pb_row column_structure=&#8221;1_2,1_2&#8243; _builder_version=&#8221;4.7.7&#8243; _module_preset=&#8221;default&#8221; module_alignment=&#8221;center&#8221; custom_css_main_element=&#8221;display: flex;&#8221;][et_pb_column type=&#8221;1_2&#8243; _builder_version=&#8221;4.7.7&#8243; _module_preset=&#8221;default&#8221;][et_pb_image src=&#8221;https:\/\/www.sweld.si\/wp-content\/uploads\/2021\/01\/tig-315-ac-dc.png&#8221; alt=&#8221;TUG 315 AC\/DC&#8221; title_text=&#8221;TUG 315 AC\/DC&#8221; show_in_lightbox=&#8221;on&#8221; align=&#8221;center&#8221; _builder_version=&#8221;4.8.0&#8243; _module_preset=&#8221;default&#8221;][\/et_pb_image][\/et_pb_column][et_pb_column type=&#8221;1_2&#8243; _builder_version=&#8221;4.7.7&#8243; _module_preset=&#8221;default&#8221; custom_css_main_element=&#8221;align-self: flex-end;||padding-bottom: 2em&#8221;][et_pb_post_title meta=&#8221;off&#8221; featured_image=&#8221;off&#8221; _builder_version=&#8221;4.7.7&#8243; _module_preset=&#8221;default&#8221; title_font=&#8221;|600|||||||&#8221; title_text_color=&#8221;#e06100&#8243; title_font_size=&#8221;4em&#8221;][\/et_pb_post_title][et_pb_divider color=&#8221;#d6d6d6&#8243; _builder_version=&#8221;4.7.7&#8243; _module_preset=&#8221;default&#8221;][\/et_pb_divider][et_pb_image src=&#8221;https:\/\/www.sweld.si\/wp-content\/uploads\/2021\/01\/tig-picto.png&#8221; title_text=&#8221;tig-picto&#8221; _builder_version=&#8221;4.8.0&#8243; _module_preset=&#8221;default&#8221;][\/et_pb_image][\/et_pb_column][\/et_pb_row][\/et_pb_section][et_pb_section fb_built=&#8221;1&#8243; _builder_version=&#8221;4.7.7&#8243; _module_preset=&#8221;default&#8221; background_color=&#8221;#ffffff&#8221; use_background_color_gradient=&#8221;on&#8221; background_color_gradient_start=&#8221;rgba(216,216,216,0.28)&#8221; background_color_gradient_end=&#8221;rgba(196,196,196,0.62)&#8221;][et_pb_row _builder_version=&#8221;4.8.0&#8243; _module_preset=&#8221;default&#8221; width=&#8221;100%&#8221; custom_padding=&#8221;|0px||0px|false|true&#8221;][et_pb_column type=&#8221;4_4&#8243; _builder_version=&#8221;4.7.3&#8243; _module_preset=&#8221;default&#8221;][et_pb_text ul_item_indent=&#8221;2em&#8221; admin_label=&#8221;Features&#8221; _builder_version=&#8221;4.7.7&#8243; _module_preset=&#8221;default&#8221; text_font_size=&#8221;22px&#8221; text_line_height=&#8221;2em&#8221; ul_font=&#8221;|600|||||||&#8221; ul_font_size=&#8221;22px&#8221; ul_line_height=&#8221;1.8em&#8221; header_2_text_color=&#8221;#e95012&#8243; header_2_font_size=&#8221;42px&#8221; header_3_text_color=&#8221;#e06100&#8243; header_3_font_size=&#8221;1.4em&#8221; min_height=&#8221;102px&#8221; custom_margin=&#8221;||||false|false&#8221; custom_padding=&#8221;1em|4em|1em|4em|false|true&#8221;]<\/p>\n<h3>\n            <strong>INVERTER DC TIG\/MMA VARILNI APARAT &#8211; TIP IGBT<\/strong><br \/>\n          <\/h3>\n<ul>\n<li>Napredna IGBT pretvorni\u0161ka tehnologija nudi vrhunsko zmogljivost TIG<\/li>\n<li>Ve\u010dnamensko: MMA, DC TIG, AC TIG, Pulzni TIG<\/li>\n<li>AC kvadratni val je \u0161e posebej primeren za varjenje aluminija in njegove zlitine<\/li>\n<li>DC kvadratni val je primeren za varjenje nerjave\u010dega jekla, legiranega jekla, ogljikovega jekla, bakra in drugih ne\u017eeleznih kovin<\/li>\n<li>Funkcija 2T \/ 4T, ki jo je mogo\u010de izbrati na sprednji plo\u0161\u010di<\/li>\n<li>No\u017eni pedal za daljinski nadzor toka ni obvezen<\/li>\n<li>Digitalni instrument za varilni tok<\/li>\n<li>Natan\u010dna nastavitev lahko dose\u017ee odli\u010den prodor, estetski videz zvara in majhno porabo elektrode<\/li>\n<\/ul>\n<p>[\/et_pb_text][\/et_pb_column][\/et_pb_row][\/et_pb_section][et_pb_section fb_built=&#8221;1&#8243; _builder_version=&#8221;4.7.7&#8243; _module_preset=&#8221;default&#8221;][et_pb_row column_structure=&#8221;2_5,3_5&#8243; make_equal=&#8221;on&#8221; _builder_version=&#8221;4.7.7&#8243; _module_preset=&#8221;default&#8221;][et_pb_column type=&#8221;2_5&#8243; _builder_version=&#8221;4.7.7&#8243; _module_preset=&#8221;default&#8221;][et_pb_image src=&#8221;https:\/\/www.sweld.si\/wp-content\/uploads\/2021\/01\/tig-315-ac-dc-features-480&#215;480.png&#8221; alt=&#8221;TIG 315 AC\/DC &#8211; zna\u010dilnosti&#8221; title_text=&#8221;TIG 315 AC\/DC &#8211; zna\u010dilnosti&#8221; _builder_version=&#8221;4.8.0&#8243; _module_preset=&#8221;default&#8221;][\/et_pb_image][\/et_pb_column][et_pb_column type=&#8221;3_5&#8243; _builder_version=&#8221;4.7.7&#8243; _module_preset=&#8221;default&#8221;][et_pb_text ul_item_indent=&#8221;26px&#8221; ol_position=&#8221;outside&#8221; ol_item_indent=&#8221;1em&#8221; admin_label=&#8221;Features&#8221; _builder_version=&#8221;4.7.7&#8243; _module_preset=&#8221;default&#8221; text_font_size=&#8221;22px&#8221; text_line_height=&#8221;1.5em&#8221; ul_font=&#8221;||||||||&#8221; ul_font_size=&#8221;22px&#8221; ul_line_height=&#8221;1.5em&#8221; ol_font_size=&#8221;22px&#8221; ol_line_height=&#8221;1.5em&#8221; header_2_text_color=&#8221;#e95012&#8243; header_2_font_size=&#8221;42px&#8221; min_height=&#8221;102px&#8221; custom_margin=&#8221;||||false|false&#8221; custom_padding=&#8221;1em|0px|1em|0px|false|true&#8221;]<\/p>\n<ol>\n<li>Zra\u010dni kanal z novo zasnovo pove\u010duje obratovalni cikel in omogo\u010da dolgotrajno delo z velikim tokom.<\/li>\n<li>Integrirano s funkcijami DC TIG in Pulse TIG<\/li>\n<li>Krmilno vezje AC valov mo\u010dno izbolj\u0161a sposobnost majhnega toka za stabilizacijo loka.<\/li>\n<li>Ve\u010dplastna struktura prvega in drugega pretvornika, <br \/>naredi uslugo za prepre\u010devanje prahu. zanesljivost in vzdr\u017eevanje.<\/li>\n<\/ol>\n<p>[\/et_pb_text][\/et_pb_column][\/et_pb_row][et_pb_row column_structure=&#8221;2_5,3_5&#8243; _builder_version=&#8221;4.7.7&#8243; _module_preset=&#8221;default&#8221;][et_pb_column type=&#8221;2_5&#8243; _builder_version=&#8221;4.7.7&#8243; _module_preset=&#8221;default&#8221;][et_pb_text _builder_version=&#8221;4.7.7&#8243; _module_preset=&#8221;default&#8221; header_2_text_align=&#8221;right&#8221; header_2_text_color=&#8221;#6b6b6b&#8221; header_2_font_size=&#8221;2.5em&#8221; custom_padding=&#8221;1em||1em||false|false&#8221;]<\/p>\n<h2>Dodatki<\/h2>\n<p>[\/et_pb_text][\/et_pb_column][et_pb_column type=&#8221;3_5&#8243; _builder_version=&#8221;4.7.7&#8243; _module_preset=&#8221;default&#8221;][et_pb_text ul_item_indent=&#8221;26px&#8221; ol_position=&#8221;outside&#8221; ol_item_indent=&#8221;1em&#8221; _builder_version=&#8221;4.8.0&#8243; _module_preset=&#8221;default&#8221; text_font_size=&#8221;22px&#8221; text_line_height=&#8221;1.5em&#8221; ul_font=&#8221;||||||||&#8221; ul_font_size=&#8221;22px&#8221; ul_line_height=&#8221;1.5em&#8221; ol_font_size=&#8221;22px&#8221; ol_line_height=&#8221;1.5em&#8221; header_2_text_color=&#8221;#e95012&#8243; header_2_font_size=&#8221;42px&#8221; min_height=&#8221;102px&#8221; custom_margin=&#8221;||||false|false&#8221; custom_padding=&#8221;1em|0px|1em|0px|false|true&#8221;]<\/p>\n<p>zemeljska objemka x 1 kos,<br \/>kabelski spoj x 2 kos,<br \/>Notranji \u0161esterokotni klju\u010d x 1 kos,<br \/>ozemljitveni kabel 3 metre.<br \/>TIG gorilnik x 1 komplet<\/p>\n<p>[\/et_pb_text][\/et_pb_column][\/et_pb_row][\/et_pb_section][et_pb_section fb_built=&#8221;1&#8243; _builder_version=&#8221;4.7.7&#8243; _module_preset=&#8221;default&#8221; background_color=&#8221;#ffffff&#8221; use_background_color_gradient=&#8221;on&#8221; background_color_gradient_start=&#8221;rgba(216,216,216,0.28)&#8221; background_color_gradient_end=&#8221;rgba(196,196,196,0.62)&#8221;][et_pb_row column_structure=&#8221;2_5,3_5&#8243; _builder_version=&#8221;4.8.0&#8243; _module_preset=&#8221;default&#8221;][et_pb_column type=&#8221;2_5&#8243; _builder_version=&#8221;4.7.7&#8243; _module_preset=&#8221;default&#8221;][et_pb_text ul_item_indent=&#8221;26px&#8221; ol_position=&#8221;outside&#8221; ol_item_indent=&#8221;1em&#8221; _builder_version=&#8221;4.7.7&#8243; _module_preset=&#8221;default&#8221; text_font=&#8221;|600|||||||&#8221; text_text_color=&#8221;#e04e00&#8243; text_font_size=&#8221;2.5em&#8221; text_line_height=&#8221;1.2em&#8221; ul_font=&#8221;||||||||&#8221; header_2_text_color=&#8221;#e95012&#8243; header_2_font_size=&#8221;42px&#8221; text_orientation=&#8221;right&#8221; min_height=&#8221;102px&#8221; custom_margin=&#8221;||||false|false&#8221; custom_padding=&#8221;0.6em|0px|1em|0px|false|true&#8221;]<\/p>\n<p>Varilni aparat TIG 315 AC\/DC zdru\u017euje vse funkcionalnosti TIG in MMA varjenja<\/p>\n<p>[\/et_pb_text][\/et_pb_column][et_pb_column type=&#8221;3_5&#8243; _builder_version=&#8221;4.7.7&#8243; _module_preset=&#8221;default&#8221;][et_pb_text ul_item_indent=&#8221;26px&#8221; ol_position=&#8221;outside&#8221; ol_item_indent=&#8221;1em&#8221; _builder_version=&#8221;4.7.7&#8243; _module_preset=&#8221;default&#8221; text_font_size=&#8221;22px&#8221; text_line_height=&#8221;1.5em&#8221; ul_font=&#8221;||||||||&#8221; ul_font_size=&#8221;22px&#8221; ul_line_height=&#8221;1.5em&#8221; ol_font_size=&#8221;22px&#8221; ol_line_height=&#8221;1.5em&#8221; header_2_text_color=&#8221;#e95012&#8243; header_2_font_size=&#8221;42px&#8221; min_height=&#8221;102px&#8221; custom_margin=&#8221;||||false|false&#8221; custom_padding=&#8221;1em|0px|1em|0px|false|true&#8221;]<\/p>\n<p>Varilcu omogo\u010da varjenje \u0161irokega nabora kovin, kot je jeklo, nerjavno jeklo, aluminij, magnezij, aluminijeve zlitine, titan ter baker. Opremljen je z <g id=\"gid_0\">32 bitnim mikroprocesorjem<\/g>, ki mu omogo\u010da celoten nabor nastavitev za dosego kar najbolj\u0161ih rezultatov varjenja. <\/p>\n<p>Varilni aparat TIG 315 AC\/DC podpira varjenje z <strong>enosmernim in izmeni\u010dnim varilnim tokom.<\/strong> Z enosmernim varilnim tokom varimo vsa jekla, nerjavna jekla, specialne kovine in njihove zlitine, z izmeni\u010dnim tokom pa aluminij, magnezij in njune zlitine.<\/p>\n<p>Varilni aparat TIG 315 AC\/DC je zaradi svojih lastnosti in nastavljivosti primeren za vsakega varilca in za vsako profesionalno ali doma\u010do delavnico.<\/p>\n<ul><\/ul>\n<p>[\/et_pb_text][\/et_pb_column][\/et_pb_row][\/et_pb_section][et_pb_section fb_built=&#8221;1&#8243; _builder_version=&#8221;4.7.7&#8243; _module_preset=&#8221;default&#8221;][et_pb_row column_structure=&#8221;2_5,3_5&#8243; _builder_version=&#8221;4.7.7&#8243; _module_preset=&#8221;default&#8221;][et_pb_column type=&#8221;2_5&#8243; _builder_version=&#8221;4.7.7&#8243; _module_preset=&#8221;default&#8221;][et_pb_text _builder_version=&#8221;4.7.7&#8243; _module_preset=&#8221;default&#8221; header_2_text_align=&#8221;right&#8221; header_2_text_color=&#8221;#6b6b6b&#8221; header_2_font_size=&#8221;2.5em&#8221; custom_padding=&#8221;1em||1em||false|false&#8221;]<\/p>\n<h2>Varjenje<\/h2>\n<p>[\/et_pb_text][\/et_pb_column][et_pb_column type=&#8221;3_5&#8243; _builder_version=&#8221;4.7.7&#8243; _module_preset=&#8221;default&#8221;][et_pb_text ul_item_indent=&#8221;26px&#8221; ol_position=&#8221;outside&#8221; ol_item_indent=&#8221;1em&#8221; _builder_version=&#8221;4.7.7&#8243; _module_preset=&#8221;default&#8221; text_font_size=&#8221;22px&#8221; text_line_height=&#8221;1.5em&#8221; ul_font=&#8221;||||||||&#8221; ul_font_size=&#8221;22px&#8221; ul_line_height=&#8221;1.5em&#8221; ol_font_size=&#8221;22px&#8221; ol_line_height=&#8221;1.5em&#8221; header_2_text_color=&#8221;#e95012&#8243; header_2_font_size=&#8221;42px&#8221; min_height=&#8221;102px&#8221; custom_margin=&#8221;||||false|false&#8221; custom_padding=&#8221;1em|0px|1em|0px|false|true&#8221;]<\/p>\n<p>Material: <strong>Ogljikovo jeklo, nerjave\u010de jeklo, nizkolegirano jeklo<br \/><\/strong><span style=\"font-size: 21px;\">Debelina plo\u010devine: <\/span><strong style=\"font-size: 21px;\">1.5 &#8211; 10 mm<br \/><\/strong>Premer palice:<strong> 2.5 \/ 3.2 \/ 4.0 mm<\/strong><br \/>Razpon toka:<strong> 20 &#8211; 200 A<\/strong><\/p>\n<p>[\/et_pb_text][\/et_pb_column][\/et_pb_row][et_pb_row column_structure=&#8221;2_5,3_5&#8243; _builder_version=&#8221;4.7.7&#8243; _module_preset=&#8221;default&#8221;][et_pb_column type=&#8221;2_5&#8243; _builder_version=&#8221;4.7.7&#8243; _module_preset=&#8221;default&#8221;][et_pb_text _builder_version=&#8221;4.7.7&#8243; _module_preset=&#8221;default&#8221; header_2_text_align=&#8221;right&#8221; header_2_text_color=&#8221;#6b6b6b&#8221; header_2_font_size=&#8221;2.5em&#8221; custom_padding=&#8221;1em||1em||false|false&#8221;]<\/p>\n<h2>Specifikacija<\/h2>\n<p>[\/et_pb_text][\/et_pb_column][et_pb_column type=&#8221;3_5&#8243; _builder_version=&#8221;4.7.7&#8243; _module_preset=&#8221;default&#8221;][et_pb_text ul_item_indent=&#8221;26px&#8221; ol_position=&#8221;outside&#8221; ol_item_indent=&#8221;1em&#8221; _builder_version=&#8221;4.7.7&#8243; _module_preset=&#8221;default&#8221; text_font_size=&#8221;22px&#8221; text_line_height=&#8221;1.5em&#8221; ul_font=&#8221;||||||||&#8221; ul_font_size=&#8221;22px&#8221; ul_line_height=&#8221;1.5em&#8221; ol_font_size=&#8221;22px&#8221; ol_line_height=&#8221;1.5em&#8221; header_2_text_color=&#8221;#e95012&#8243; header_2_font_size=&#8221;42px&#8221; min_height=&#8221;102px&#8221; custom_margin=&#8221;||||false|false&#8221; custom_padding=&#8221;1em|0px|1em|0px|false|true&#8221;]<\/p>\n<p>Vhodna napetost: <strong>3PH AC 315 V \u00b1 15 %<\/strong><br \/> Vhodna mo\u010d: <strong>9.2 @TIG; 13.2 @MMA<\/strong><br \/> Vhodni tok: <strong>14 A @TIG; 20 A @MMA<\/strong><br \/> Nazivna proizvodnja: <strong>5 &#8211; 315 A<\/strong><br \/> Izhodni tok: <strong>TIG 5 &#8211; 315 A; MMA 20 &#8211; 315 A<\/strong><br \/> Napetost brez obremenitve: <strong>70 \u00b1 5 V<\/strong><br \/> Delovni cikel % (40\u00b0C 10min): <strong>315 A 60 %, 244 A 100 %<\/strong><br \/> U\u010dinkovitost: <strong>80 %<\/strong><br \/> Stopnja za\u0161\u010dite: <strong>IP21<\/strong><br \/> Stopnja izolacije: <strong>F<\/strong><br \/> Neto te\u017ea: <strong>43.7 kg<\/strong><br \/> Bruto te\u017ea: <strong>51.3 kg<\/strong><br \/> Dimenzije aparata: <strong>690 x 335 x 550 mm<\/strong><br \/> Dimenzije paketa: <strong>740 x 400 x 630 mm<\/strong><\/p>\n<p>\n            <strong><\/strong>\n          <\/p>\n<p>Napajalna napetost:<strong> Enofazni AC 220V \u00b1 15%<br \/><\/strong>Frekvenca napajanja:<strong> 50\/ 60 HZ<br \/><\/strong>Nazivni vhodni tok:<strong> 27 A @ MMA; 23 A @ TIG<br \/><\/strong>Regulacija izhodnega toka:<strong> 10 &#8211; 200 A<br \/><\/strong>Napetost odprtega tokokroga:<strong> 56 \u00b1 5 V<br \/><\/strong>Nazivna delovna napetost:<strong> 18 V<br \/><\/strong>\u0160irina \u010di\u0161\u010denja:<strong> .40~40 %<br \/><\/strong>Delovno razmerje:<strong>  10-90 %<br \/><\/strong>\u010cas predtoka plina:<strong> 0-15 S<br \/><\/strong>Frekvenca impulzov (nizka frekvenca):<strong> 0.2-20 HZ<br \/><\/strong>Osnovni tok:<strong> 10-200 A<br \/><\/strong>Za\u010detni tok:<strong> 10-200 A<br \/><\/strong>Tok kraterja:<strong> 10-200 A<br \/><\/strong>Daljinsko upravljanje:<strong> Da<br \/><\/strong>Udarni lok pomeni:<strong> Visokofrekven\u010dni lok<br \/><\/strong>U\u010dinkovitost:<strong>  70 %<br \/><\/strong>Delovni cikel:<strong>  40 %<br \/><\/strong>Faktor mo\u010di:<strong>  0.93<br \/><\/strong>Stopnja izolacije:<strong> F<br \/><\/strong>Stopnja za\u0161\u010dite lupine:<strong> IP21<br \/><\/strong>Neto te\u017ea:<strong> 14.75 kg<br \/><\/strong>Bruto te\u017ea:<strong> 18.1 kg<br \/><\/strong>Skupne dimenzije:<strong> 570 x 260 x 440 mm<br \/><\/strong>Najve\u010dja debelina varjenja:<strong> 15 mm<\/strong><\/p>\n<p>[\/et_pb_text][\/et_pb_column][\/et_pb_row][\/et_pb_section][et_pb_section fb_built=&#8221;1&#8243; _builder_version=&#8221;4.7.7&#8243; _module_preset=&#8221;default&#8221; background_color=&#8221;#ffffff&#8221; use_background_color_gradient=&#8221;on&#8221; background_color_gradient_start=&#8221;rgba(216,216,216,0.28)&#8221; background_color_gradient_end=&#8221;rgba(196,196,196,0.62)&#8221;][et_pb_row column_structure=&#8221;1_5,1_5,1_5,1_5,1_5&#8243; use_custom_gutter=&#8221;on&#8221; gutter_width=&#8221;4&#8243; _builder_version=&#8221;4.7.7&#8243; _module_preset=&#8221;default&#8221; custom_padding=&#8221;52px||||false|false&#8221;][et_pb_column type=&#8221;1_5&#8243; _builder_version=&#8221;4.7.3&#8243; _module_preset=&#8221;default&#8221;][\/et_pb_column][et_pb_column type=&#8221;1_5&#8243; _builder_version=&#8221;4.7.3&#8243; _module_preset=&#8221;default&#8221;][et_pb_text _builder_version=&#8221;4.7.7&#8243; _module_preset=&#8221;default&#8221; header_2_text_align=&#8221;right&#8221; header_2_text_color=&#8221;#6b6b6b&#8221; header_2_font_size=&#8221;2em&#8221; custom_padding=&#8221;1em||1em||false|false&#8221;]<\/p>\n<h2>Podobni izdelki<\/h2>\n<p>[\/et_pb_text][\/et_pb_column][et_pb_column type=&#8221;1_5&#8243; _builder_version=&#8221;4.7.3&#8243; _module_preset=&#8221;default&#8221;][et_pb_blurb title=&#8221;TIG 200P DC&#8221; image=&#8221;https:\/\/www.sweld.si\/wp-content\/uploads\/2021\/01\/tig-200p-dc.png&#8221; alt=&#8221;TIG 200P DC&#8221; _builder_version=&#8221;4.8.0&#8243; _module_preset=&#8221;default&#8221; header_level=&#8221;h3&#8243; header_text_align=&#8221;center&#8221; link_option_url=&#8221;https:\/\/www.sweld.si\/sl\/aparati\/tig\/tig-200p-dc\/&#8221;][\/et_pb_blurb][\/et_pb_column][et_pb_column type=&#8221;1_5&#8243; _builder_version=&#8221;4.7.3&#8243; _module_preset=&#8221;default&#8221;][et_pb_blurb title=&#8221;TIG 200P AC\/DC&#8221; image=&#8221;https:\/\/www.sweld.si\/wp-content\/uploads\/2021\/01\/tig-200p-ac-dc.png&#8221; alt=&#8221;TIG 200P AC\/DC&#8221; _builder_version=&#8221;4.8.0&#8243; _module_preset=&#8221;default&#8221; header_level=&#8221;h3&#8243; header_text_align=&#8221;center&#8221; link_option_url=&#8221;https:\/\/www.sweld.si\/sl\/aparati\/tig\/tig-200p-ac-dc\/&#8221; locked=&#8221;off&#8221;][\/et_pb_blurb][\/et_pb_column][et_pb_column type=&#8221;1_5&#8243; _builder_version=&#8221;4.7.3&#8243; _module_preset=&#8221;default&#8221;][\/et_pb_column][\/et_pb_row][\/et_pb_section]<\/p>\n","protected":false},"excerpt":{"rendered":"<p>INVERTER DC TIG\/MMA VARILNI APARAT &#8211; TIP IGBT Napredna IGBT pretvorni\u0161ka tehnologija nudi vrhunsko zmogljivost TIG Ve\u010dnamensko: MMA, DC TIG, AC TIG, Pulzni TIG AC kvadratni val je \u0161e posebej primeren za varjenje aluminija in njegove zlitine DC kvadratni val je primeren za varjenje nerjave\u010dega jekla, legiranega jekla, ogljikovega jekla, bakra in drugih ne\u017eeleznih kovin [&hellip;]<\/p>\n","protected":false},"author":1,"featured_media":0,"parent":656,"menu_order":3,"comment_status":"closed","ping_status":"closed","template":"","meta":{"_et_pb_use_builder":"on","_et_pb_old_content":"","_et_gb_content_width":""},"_links":{"self":[{"href":"https:\/\/www.sweld.si\/sl\/wp-json\/wp\/v2\/pages\/771"}],"collection":[{"href":"https:\/\/www.sweld.si\/sl\/wp-json\/wp\/v2\/pages"}],"about":[{"href":"https:\/\/www.sweld.si\/sl\/wp-json\/wp\/v2\/types\/page"}],"author":[{"embeddable":true,"href":"https:\/\/www.sweld.si\/sl\/wp-json\/wp\/v2\/users\/1"}],"replies":[{"embeddable":true,"href":"https:\/\/www.sweld.si\/sl\/wp-json\/wp\/v2\/comments?post=771"}],"version-history":[{"count":2,"href":"https:\/\/www.sweld.si\/sl\/wp-json\/wp\/v2\/pages\/771\/revisions"}],"predecessor-version":[{"id":773,"href":"https:\/\/www.sweld.si\/sl\/wp-json\/wp\/v2\/pages\/771\/revisions\/773"}],"up":[{"embeddable":true,"href":"https:\/\/www.sweld.si\/sl\/wp-json\/wp\/v2\/pages\/656"}],"wp:attachment":[{"href":"https:\/\/www.sweld.si\/sl\/wp-json\/wp\/v2\/media?parent=771"}],"curies":[{"name":"wp","href":"https:\/\/api.w.org\/{rel}","templated":true}]}}