{"id":774,"date":"2021-03-11T11:27:22","date_gmt":"2021-03-11T10:27:22","guid":{"rendered":"https:\/\/www.sweld.si\/aparati\/mig-mag\/mig-200\/"},"modified":"2024-03-15T07:19:07","modified_gmt":"2024-03-15T06:19:07","slug":"mig-200","status":"publish","type":"page","link":"https:\/\/www.sweld.si\/sl\/aparati\/mig-mag\/mig-200\/","title":{"rendered":"MIG 200"},"content":{"rendered":"<p>[et_pb_section fb_built=&#8221;1&#8243; _builder_version=&#8221;4.7.7&#8243; _module_preset=&#8221;default&#8221; custom_padding=&#8221;0px||0px|||&#8221;][et_pb_row column_structure=&#8221;1_2,1_2&#8243; _builder_version=&#8221;4.7.7&#8243; _module_preset=&#8221;default&#8221; module_alignment=&#8221;center&#8221; custom_css_main_element=&#8221;display: flex;&#8221;][et_pb_column type=&#8221;1_2&#8243; _builder_version=&#8221;4.7.7&#8243; _module_preset=&#8221;default&#8221;][et_pb_image src=&#8221;https:\/\/www.sweld.si\/wp-content\/uploads\/2021\/01\/mig-200.png&#8221; alt=&#8221;MIG 200&#8243; title_text=&#8221;MIG 200&#8243; show_in_lightbox=&#8221;on&#8221; align=&#8221;center&#8221; _builder_version=&#8221;4.8.0&#8243; _module_preset=&#8221;default&#8221;][\/et_pb_image][\/et_pb_column][et_pb_column type=&#8221;1_2&#8243; _builder_version=&#8221;4.7.7&#8243; _module_preset=&#8221;default&#8221; custom_css_main_element=&#8221;align-self: flex-end;||padding-bottom: 2em&#8221;][et_pb_post_title meta=&#8221;off&#8221; featured_image=&#8221;off&#8221; _builder_version=&#8221;4.7.7&#8243; _module_preset=&#8221;default&#8221; title_font=&#8221;|600|||||||&#8221; title_text_color=&#8221;#e06100&#8243; title_font_size=&#8221;4em&#8221;][\/et_pb_post_title][et_pb_divider color=&#8221;#d6d6d6&#8243; _builder_version=&#8221;4.7.7&#8243; _module_preset=&#8221;default&#8221;][\/et_pb_divider][et_pb_image src=&#8221;https:\/\/www.sweld.si\/wp-content\/uploads\/2021\/01\/tig-picto.png&#8221; alt=&#8221;IGBT, pretvornik, majhno brizganje, samodejna za\u0161\u010dita, var\u010devanje z energijo&#8221; title_text=&#8221;IGBT, pretvornik, majhno brizganje, samodejna za\u0161\u010dita, var\u010devanje z energijo&#8221; _builder_version=&#8221;4.8.0&#8243; _module_preset=&#8221;default&#8221;][\/et_pb_image][\/et_pb_column][\/et_pb_row][\/et_pb_section][et_pb_section fb_built=&#8221;1&#8243; _builder_version=&#8221;4.7.7&#8243; _module_preset=&#8221;default&#8221; background_color=&#8221;#ffffff&#8221; use_background_color_gradient=&#8221;on&#8221; background_color_gradient_start=&#8221;rgba(216,216,216,0.28)&#8221; background_color_gradient_end=&#8221;rgba(196,196,196,0.62)&#8221;][et_pb_row _builder_version=&#8221;4.7.7&#8243; _module_preset=&#8221;default&#8221; width=&#8221;100%&#8221; custom_padding=&#8221;|0px||0px|false|true&#8221;][et_pb_column type=&#8221;4_4&#8243; _builder_version=&#8221;4.7.3&#8243; _module_preset=&#8221;default&#8221;][et_pb_text ul_item_indent=&#8221;2em&#8221; admin_label=&#8221;Features&#8221; _builder_version=&#8221;4.7.7&#8243; _module_preset=&#8221;default&#8221; text_font_size=&#8221;22px&#8221; text_line_height=&#8221;2em&#8221; ul_font=&#8221;|600|||||||&#8221; ul_font_size=&#8221;22px&#8221; ul_line_height=&#8221;1.8em&#8221; header_2_text_color=&#8221;#e95012&#8243; header_2_font_size=&#8221;42px&#8221; header_3_text_color=&#8221;#e06100&#8243; header_3_font_size=&#8221;1.4em&#8221; min_height=&#8221;102px&#8221; custom_margin=&#8221;||||false|false&#8221; custom_padding=&#8221;1em|4em|1em|4em|false|true&#8221;]<\/p>\n<h3>\n            <strong>INVERTERSKI ZAVAROVALNI STROJ S PLINSKIM CO2 &#8211; TIP IGBT<\/strong><br \/>\n          <\/h3>\n<ul>\n<li>Podpira funkcije MMA, MIG, Lift TIG 3<\/li>\n<li>IGBT tehnologija, jedro sprejme napredno napravo IGBT Inverter<\/li>\n<li>Primerno za varjenje kovinske plo\u0161\u010de z debelino nad 0,8 mm<\/li>\n<li>Regulacija induktivnosti za stabilnost obloka in nadzor brizganja<\/li>\n<li>Digitalni merilniki napetosti in ampera<\/li>\n<li>Izbira velikosti \u017eice, naredite uslugo za hitro ujemanje varilnega parametra<\/li>\n<li>Na voljo so za\u0161\u010dite pred prenapetostnimi in prenapetostnimi napetostmi<\/li>\n<li>Majhno brizganje in velik prodor<\/li>\n<li>Var\u010devanje z energijo v primerjavi s tradicionalnim strojem GMAW je u\u010dinkovitej\u0161e<\/li>\n<li>Veliko se uporablja v elektroenergetiki, jeklenih konstrukcijah, ladjedelni\u0161tvu in drugih panogah<\/li>\n<\/ul>\n<p>[\/et_pb_text][\/et_pb_column][\/et_pb_row][\/et_pb_section][et_pb_section fb_built=&#8221;1&#8243; _builder_version=&#8221;4.7.7&#8243; _module_preset=&#8221;default&#8221;][et_pb_row column_structure=&#8221;2_5,3_5&#8243; make_equal=&#8221;on&#8221; _builder_version=&#8221;4.7.7&#8243; _module_preset=&#8221;default&#8221;][et_pb_column type=&#8221;2_5&#8243; _builder_version=&#8221;4.7.7&#8243; _module_preset=&#8221;default&#8221;][et_pb_image src=&#8221;https:\/\/www.sweld.si\/wp-content\/uploads\/2021\/07\/mig-200-features-480&#215;480.png&#8221; alt=&#8221;MIG 200 Features&#8221; title_text=&#8221;MIG 200 Features&#8221; _builder_version=&#8221;4.9.1&#8243; _module_preset=&#8221;default&#8221; hover_enabled=&#8221;0&#8243; sticky_enabled=&#8221;0&#8243;][\/et_pb_image][\/et_pb_column][et_pb_column type=&#8221;3_5&#8243; _builder_version=&#8221;4.7.7&#8243; _module_preset=&#8221;default&#8221;][et_pb_text ul_item_indent=&#8221;26px&#8221; ol_position=&#8221;outside&#8221; ol_item_indent=&#8221;1em&#8221; admin_label=&#8221;Features&#8221; _builder_version=&#8221;4.7.7&#8243; _module_preset=&#8221;default&#8221; text_font_size=&#8221;22px&#8221; text_line_height=&#8221;1.5em&#8221; ul_font=&#8221;||||||||&#8221; ul_font_size=&#8221;22px&#8221; ul_line_height=&#8221;1.5em&#8221; ol_font_size=&#8221;22px&#8221; ol_line_height=&#8221;1.5em&#8221; header_2_text_color=&#8221;#e95012&#8243; header_2_font_size=&#8221;42px&#8221; min_height=&#8221;102px&#8221; custom_margin=&#8221;||||false|false&#8221; custom_padding=&#8221;1em|0px|1em|0px|false|true&#8221;]<\/p>\n<ol>\n<li>Digitalni prikazovalnik, vizualni prikaz varilnega toka, zagotavlja popolno varilno zmogljivost.<\/li>\n<li>Podajalnik \u017eice z onemogo\u010denim izpadanjem, hitra, stabilna in enostavno spremenljiv.<\/li>\n<li>Varilni tok in napetost sta nastavljiva, prina\u0161ata popolno varilno zmogljivost.<\/li>\n<\/ol>\n<p>[\/et_pb_text][\/et_pb_column][\/et_pb_row][et_pb_row column_structure=&#8221;2_5,3_5&#8243; _builder_version=&#8221;4.7.7&#8243; _module_preset=&#8221;default&#8221;][et_pb_column type=&#8221;2_5&#8243; _builder_version=&#8221;4.7.7&#8243; _module_preset=&#8221;default&#8221;][et_pb_text _builder_version=&#8221;4.7.7&#8243; _module_preset=&#8221;default&#8221; header_2_text_align=&#8221;right&#8221; header_2_text_color=&#8221;#6b6b6b&#8221; header_2_font_size=&#8221;2.5em&#8221; custom_padding=&#8221;1em||1em||false|false&#8221;]<\/p>\n<h2>Dodatki<\/h2>\n<p>[\/et_pb_text][\/et_pb_column][et_pb_column type=&#8221;3_5&#8243; _builder_version=&#8221;4.7.7&#8243; _module_preset=&#8221;default&#8221;][et_pb_text ul_item_indent=&#8221;26px&#8221; ol_position=&#8221;outside&#8221; ol_item_indent=&#8221;1em&#8221; _builder_version=&#8221;4.8.0&#8243; _module_preset=&#8221;default&#8221; text_font_size=&#8221;22px&#8221; text_line_height=&#8221;1.5em&#8221; ul_font=&#8221;||||||||&#8221; ul_font_size=&#8221;22px&#8221; ul_line_height=&#8221;1.5em&#8221; ol_font_size=&#8221;22px&#8221; ol_line_height=&#8221;1.5em&#8221; header_2_text_color=&#8221;#e95012&#8243; header_2_font_size=&#8221;42px&#8221; min_height=&#8221;102px&#8221; custom_margin=&#8221;||||false|false&#8221; custom_padding=&#8221;1em|0px|1em|0px|false|true&#8221;]<\/p>\n<p>zemeljska objemka x 1 kos,<br \/>kabelski spoj x 2 kos,<br \/>regulator plina x 1 kos,<br \/>ozemljitveni kabel 3 m,<br \/>gorilnik MIG x 1 kos<\/p>\n<p>[\/et_pb_text][\/et_pb_column][\/et_pb_row][\/et_pb_section][et_pb_section fb_built=&#8221;1&#8243; _builder_version=&#8221;4.7.7&#8243; _module_preset=&#8221;default&#8221; background_color=&#8221;#ffffff&#8221; use_background_color_gradient=&#8221;on&#8221; background_color_gradient_start=&#8221;rgba(216,216,216,0.28)&#8221; background_color_gradient_end=&#8221;rgba(196,196,196,0.62)&#8221;][et_pb_row column_structure=&#8221;2_5,3_5&#8243; _builder_version=&#8221;4.7.7&#8243; _module_preset=&#8221;default&#8221;][et_pb_column type=&#8221;2_5&#8243; _builder_version=&#8221;4.7.7&#8243; _module_preset=&#8221;default&#8221;][et_pb_text ul_item_indent=&#8221;26px&#8221; ol_position=&#8221;outside&#8221; ol_item_indent=&#8221;1em&#8221; _builder_version=&#8221;4.7.7&#8243; _module_preset=&#8221;default&#8221; text_font=&#8221;|600|||||||&#8221; text_text_color=&#8221;#e04e00&#8243; text_font_size=&#8221;2.5em&#8221; text_line_height=&#8221;1.2em&#8221; ul_font=&#8221;||||||||&#8221; header_2_text_color=&#8221;#e95012&#8243; header_2_font_size=&#8221;42px&#8221; text_orientation=&#8221;right&#8221; min_height=&#8221;102px&#8221; custom_margin=&#8221;||||false|false&#8221; custom_padding=&#8221;0.6em|0px|1em|0px|false|true&#8221;]<\/p>\n<p>Varilni aparat MIG 200 je namenjen varjenju po postopkih MIG \/ MAG v za\u0161\u010diti plinov<\/p>\n<p>[\/et_pb_text][\/et_pb_column][et_pb_column type=&#8221;3_5&#8243; _builder_version=&#8221;4.7.7&#8243; _module_preset=&#8221;default&#8221;][et_pb_text ul_item_indent=&#8221;26px&#8221; ol_position=&#8221;outside&#8221; ol_item_indent=&#8221;1em&#8221; _builder_version=&#8221;4.7.7&#8243; _module_preset=&#8221;default&#8221; text_font_size=&#8221;22px&#8221; text_line_height=&#8221;1.5em&#8221; ul_font=&#8221;||||||||&#8221; ul_font_size=&#8221;22px&#8221; ul_line_height=&#8221;1.5em&#8221; ol_font_size=&#8221;22px&#8221; ol_line_height=&#8221;1.5em&#8221; header_2_text_color=&#8221;#e95012&#8243; header_2_font_size=&#8221;42px&#8221; min_height=&#8221;102px&#8221; custom_margin=&#8221;||||false|false&#8221; custom_padding=&#8221;1em|0px|1em|0px|false|true&#8221;]<\/p>\n<p>Uporablja se ga lahko za avtokleparska, vzdr\u017eevalna dela in dela v doma\u010dih delavnicah.<\/p>\n<p>Priporo\u010dljiv je za varjenje tanj\u0161ih jeklenih plo\u010devin.<\/p>\n<p>Zagotavljajo odli\u010dno kvaliteto zvara in mo\u017enost varjenja s polnjeno \u017eico tudi ob zamenjavi polaritete<\/p>\n<ul><\/ul>\n<p>[\/et_pb_text][\/et_pb_column][\/et_pb_row][\/et_pb_section][et_pb_section fb_built=&#8221;1&#8243; _builder_version=&#8221;4.7.7&#8243; _module_preset=&#8221;default&#8221;][et_pb_row column_structure=&#8221;2_5,3_5&#8243; _builder_version=&#8221;4.7.7&#8243; _module_preset=&#8221;default&#8221;][et_pb_column type=&#8221;2_5&#8243; _builder_version=&#8221;4.7.7&#8243; _module_preset=&#8221;default&#8221;][et_pb_text _builder_version=&#8221;4.7.7&#8243; _module_preset=&#8221;default&#8221; header_2_text_align=&#8221;right&#8221; header_2_text_color=&#8221;#6b6b6b&#8221; header_2_font_size=&#8221;2.5em&#8221; custom_padding=&#8221;1em||1em||false|false&#8221;]<\/p>\n<h2>Varjenje<\/h2>\n<p>[\/et_pb_text][\/et_pb_column][et_pb_column type=&#8221;3_5&#8243; _builder_version=&#8221;4.7.7&#8243; _module_preset=&#8221;default&#8221;][et_pb_text ul_item_indent=&#8221;26px&#8221; ol_position=&#8221;outside&#8221; ol_item_indent=&#8221;1em&#8221; _builder_version=&#8221;4.7.7&#8243; _module_preset=&#8221;default&#8221; text_font_size=&#8221;22px&#8221; text_line_height=&#8221;1.5em&#8221; ul_font=&#8221;||||||||&#8221; ul_font_size=&#8221;22px&#8221; ul_line_height=&#8221;1.5em&#8221; ol_font_size=&#8221;22px&#8221; ol_line_height=&#8221;1.5em&#8221; header_2_text_color=&#8221;#e95012&#8243; header_2_font_size=&#8221;42px&#8221; min_height=&#8221;102px&#8221; custom_margin=&#8221;||||false|false&#8221; custom_padding=&#8221;1em|0px|1em|0px|false|true&#8221;]<\/p>\n<p>Material: <strong>Ogljikovo jeklo, nerjave\u010de jeklo, nizkolegirano jeklo<br \/><\/strong><span>Debelina plo\u010devine: <\/span><strong>&gt;= 0.8 mm<br \/><\/strong>Premer volframa: <strong>0.8 &#8211; 1 mm<\/strong><br \/>Razpon toka:<strong> 50 &#8211; 200 A<\/strong><\/p>\n<p>[\/et_pb_text][\/et_pb_column][\/et_pb_row][et_pb_row column_structure=&#8221;2_5,3_5&#8243; _builder_version=&#8221;4.7.7&#8243; _module_preset=&#8221;default&#8221;][et_pb_column type=&#8221;2_5&#8243; _builder_version=&#8221;4.7.7&#8243; _module_preset=&#8221;default&#8221;][et_pb_text _builder_version=&#8221;4.7.7&#8243; _module_preset=&#8221;default&#8221; header_2_text_align=&#8221;right&#8221; header_2_text_color=&#8221;#6b6b6b&#8221; header_2_font_size=&#8221;2.5em&#8221; custom_padding=&#8221;1em||1em||false|false&#8221;]<\/p>\n<h2>Specifikacija<\/h2>\n<p>[\/et_pb_text][\/et_pb_column][et_pb_column type=&#8221;3_5&#8243; _builder_version=&#8221;4.7.7&#8243; _module_preset=&#8221;default&#8221;][et_pb_text ul_item_indent=&#8221;26px&#8221; ol_position=&#8221;outside&#8221; ol_item_indent=&#8221;1em&#8221; _builder_version=&#8221;4.7.7&#8243; _module_preset=&#8221;default&#8221; text_font_size=&#8221;22px&#8221; text_line_height=&#8221;1.5em&#8221; ul_font=&#8221;||||||||&#8221; ul_font_size=&#8221;22px&#8221; ul_line_height=&#8221;1.5em&#8221; ol_font_size=&#8221;22px&#8221; ol_line_height=&#8221;1.5em&#8221; header_2_text_color=&#8221;#e95012&#8243; header_2_font_size=&#8221;42px&#8221; min_height=&#8221;102px&#8221; custom_margin=&#8221;||||false|false&#8221; custom_padding=&#8221;1em|0px|1em|0px|false|true&#8221;]<\/p>\n<p>Vhodna napetost: <strong>1PH AC 220 V \u00b1 15 %<\/strong><br \/> Vhodna mo\u010d: 6.<strong>8 KVA<\/strong><br \/> Vhodni tok: <strong>31 A<\/strong><br \/> Nazivna mo\u010d: <strong>24 V \/ 200 A<\/strong><br \/> Izhodni tok: <strong>20 &#8211; 200 A<\/strong><br \/> Napetost brez obremenitve: <strong>56 \u00b1 5 V<\/strong><br \/> Delovni cikel % (40\u00b0C 10min): <strong>200 A 30 %, 110 A 100 %<\/strong><br \/> U\u010dinkovitost: <strong>70 %<\/strong><br \/> Stopnja za\u0161\u010dite: <strong>IP21<\/strong><br \/> Stopnja izolacije: <strong>F<\/strong><br \/> Neto te\u017ea: <strong>13 kg<\/strong><br \/> Bruto te\u017ea: <strong>17 kg<\/strong><br \/> Dimenzije aparata: <strong>496 x 212 x 380 mm<\/strong><br \/> Dimenzije paketa: <strong>730 x 290 x 440 mm<\/strong><\/p>\n<p>[\/et_pb_text][\/et_pb_column][\/et_pb_row][\/et_pb_section][et_pb_section fb_built=&#8221;1&#8243; _builder_version=&#8221;4.7.7&#8243; _module_preset=&#8221;default&#8221; background_color=&#8221;#ffffff&#8221; use_background_color_gradient=&#8221;on&#8221; background_color_gradient_start=&#8221;rgba(216,216,216,0.28)&#8221; background_color_gradient_end=&#8221;rgba(196,196,196,0.62)&#8221;][et_pb_row column_structure=&#8221;1_5,1_5,1_5,1_5,1_5&#8243; use_custom_gutter=&#8221;on&#8221; gutter_width=&#8221;4&#8243; _builder_version=&#8221;4.7.7&#8243; _module_preset=&#8221;default&#8221; custom_padding=&#8221;52px||||false|false&#8221;][et_pb_column type=&#8221;1_5&#8243; _builder_version=&#8221;4.7.3&#8243; _module_preset=&#8221;default&#8221;][\/et_pb_column][et_pb_column type=&#8221;1_5&#8243; _builder_version=&#8221;4.7.3&#8243; _module_preset=&#8221;default&#8221;][et_pb_text _builder_version=&#8221;4.7.7&#8243; _module_preset=&#8221;default&#8221; header_2_text_align=&#8221;right&#8221; header_2_text_color=&#8221;#6b6b6b&#8221; header_2_font_size=&#8221;2em&#8221; custom_padding=&#8221;1em||1em||false|false&#8221;]<\/p>\n<h2>Podobni izdelki<\/h2>\n<p>[\/et_pb_text][\/et_pb_column][et_pb_column type=&#8221;1_5&#8243; _builder_version=&#8221;4.7.3&#8243; _module_preset=&#8221;default&#8221;][et_pb_blurb title=&#8221;MIG 250&#8243; image=&#8221;https:\/\/www.sweld.si\/wp-content\/uploads\/2021\/01\/mig-250.png&#8221; alt=&#8221;MIG 250&#8243; _builder_version=&#8221;4.9.1&#8243; _module_preset=&#8221;default&#8221; header_level=&#8221;h3&#8243; header_text_align=&#8221;center&#8221; link_option_url=&#8221;\/sl\/aparati\/mig-mag\/mig-250\/&#8221;][\/et_pb_blurb][\/et_pb_column][et_pb_column type=&#8221;1_5&#8243; _builder_version=&#8221;4.7.3&#8243; _module_preset=&#8221;default&#8221;][et_pb_blurb title=&#8221;MIG 315&#8243; image=&#8221;https:\/\/www.sweld.si\/wp-content\/uploads\/2021\/01\/mig-315.png&#8221; alt=&#8221;MIG 315&#8243; _builder_version=&#8221;4.9.1&#8243; _module_preset=&#8221;default&#8221; header_level=&#8221;h3&#8243; header_text_align=&#8221;center&#8221; link_option_url=&#8221;\/sl\/aparati\/mig-mag\/mig-315\/&#8221;][\/et_pb_blurb][\/et_pb_column][et_pb_column type=&#8221;1_5&#8243; _builder_version=&#8221;4.7.3&#8243; _module_preset=&#8221;default&#8221;][\/et_pb_column][\/et_pb_row][\/et_pb_section]<\/p>\n","protected":false},"excerpt":{"rendered":"<p>INVERTERSKI ZAVAROVALNI STROJ S PLINSKIM CO2 &#8211; TIP IGBT Podpira funkcije MMA, MIG, Lift TIG 3 IGBT tehnologija, jedro sprejme napredno napravo IGBT Inverter Primerno za varjenje kovinske plo\u0161\u010de z debelino nad 0,8 mm Regulacija induktivnosti za stabilnost obloka in nadzor brizganja Digitalni merilniki napetosti in ampera Izbira velikosti \u017eice, naredite uslugo za hitro ujemanje [&hellip;]<\/p>\n","protected":false},"author":1,"featured_media":0,"parent":664,"menu_order":0,"comment_status":"closed","ping_status":"closed","template":"","meta":{"_et_pb_use_builder":"on","_et_pb_old_content":"","_et_gb_content_width":""},"_links":{"self":[{"href":"https:\/\/www.sweld.si\/sl\/wp-json\/wp\/v2\/pages\/774"}],"collection":[{"href":"https:\/\/www.sweld.si\/sl\/wp-json\/wp\/v2\/pages"}],"about":[{"href":"https:\/\/www.sweld.si\/sl\/wp-json\/wp\/v2\/types\/page"}],"author":[{"embeddable":true,"href":"https:\/\/www.sweld.si\/sl\/wp-json\/wp\/v2\/users\/1"}],"replies":[{"embeddable":true,"href":"https:\/\/www.sweld.si\/sl\/wp-json\/wp\/v2\/comments?post=774"}],"version-history":[{"count":11,"href":"https:\/\/www.sweld.si\/sl\/wp-json\/wp\/v2\/pages\/774\/revisions"}],"predecessor-version":[{"id":844,"href":"https:\/\/www.sweld.si\/sl\/wp-json\/wp\/v2\/pages\/774\/revisions\/844"}],"up":[{"embeddable":true,"href":"https:\/\/www.sweld.si\/sl\/wp-json\/wp\/v2\/pages\/664"}],"wp:attachment":[{"href":"https:\/\/www.sweld.si\/sl\/wp-json\/wp\/v2\/media?parent=774"}],"curies":[{"name":"wp","href":"https:\/\/api.w.org\/{rel}","templated":true}]}}